{"id":118,"date":"2025-05-21T10:35:51","date_gmt":"2025-05-21T08:35:51","guid":{"rendered":"https:\/\/www.culture-vagabonde.fr\/?page_id=118"},"modified":"2025-06-27T23:12:45","modified_gmt":"2025-06-27T21:12:45","slug":"culture-vagabonde-dans-la-presse","status":"publish","type":"page","link":"https:\/\/www.culture-vagabonde.fr\/index.php\/culture-vagabonde-dans-la-presse\/","title":{"rendered":"Culture vagabonde dans la presse"},"content":{"rendered":"\n<div style=\"height:38px\" aria-hidden=\"true\" class=\"wp-block-spacer\"><\/div>\n\n\n\n<p>Depuis notre cr\u00e9ation, nous organisons des \u00e9v\u00e8nements sur le territoire. Culture Vagabonde est dans la presse! Vous pouvez \u00e9galement nous retrouver dans des agendas en ligne, au Centre SocioCulturel de Champdeniers (79), sur des affichages, des banderoles&#8230; <a href=\"http:\/\/www.culture-vagabonde.fr\">Plus d&rsquo;infos sur nos actions<\/a><\/p>\n\n\n\n<div class=\"wp-block-group alignwide has-global-padding is-content-justification-left is-layout-constrained wp-container-core-group-is-layout-12dd3699 wp-block-group-is-layout-constrained\">\n<h2 class=\"wp-block-heading alignwide has-xx-large-font-size\" style=\"line-height:1.2\">Article dans la Nouvelle R\u00e9publique<\/h2>\n\n\n\n<div class=\"wp-block-columns is-layout-flex wp-container-core-columns-is-layout-28f84493 wp-block-columns-is-layout-flex\">\n<div class=\"wp-block-column is-layout-flow wp-block-column-is-layout-flow\" style=\"flex-basis:66.66%\">\n<figure class=\"wp-block-image size-full\"><a href=\"https:\/\/www.lanouvellerepublique.fr\/deux-sevres\/commune\/champdeniers-saint-denis\/champdeniers-culture-vagabonde-une-nouvelle-association-itinerante-pour-tisser-des-liens-1742741394\" target=\"_blank\" rel=\" noreferrer noopener\"><img loading=\"lazy\" decoding=\"async\" width=\"991\" height=\"914\" src=\"https:\/\/www.culture-vagabonde.fr\/wp-content\/uploads\/2025\/05\/Presse_nr.png\" alt=\"Image de l'article de Culture Vagabonde dans la presse (publication de la NR)\" class=\"wp-image-119\" srcset=\"https:\/\/www.culture-vagabonde.fr\/wp-content\/uploads\/2025\/05\/Presse_nr.png 991w, https:\/\/www.culture-vagabonde.fr\/wp-content\/uploads\/2025\/05\/Presse_nr-300x277.png 300w, https:\/\/www.culture-vagabonde.fr\/wp-content\/uploads\/2025\/05\/Presse_nr-768x708.png 768w\" sizes=\"auto, (max-width: 991px) 100vw, 991px\" \/><\/a><\/figure>\n<\/div>\n\n\n\n<div class=\"wp-block-column is-layout-flow wp-block-column-is-layout-flow\" style=\"flex-basis:33.33%\">\n<p class=\"has-text-align-left\"><a href=\"https:\/\/www.lanouvellerepublique.fr\/deux-sevres\/commune\/champdeniers-saint-denis\/champdeniers-culture-vagabonde-une-nouvelle-association-itinerante-pour-tisser-des-liens-1742741394\" target=\"_blank\" rel=\"noreferrer noopener\">Si vous souhaitez plus de d\u00e9tails sur l&rsquo;article, cliquez sur l&rsquo;image. <\/a><\/p>\n<\/div>\n<\/div>\n<\/div>\n\n\n\n<div class=\"wp-block-group alignwide has-global-padding is-content-justification-left is-layout-constrained wp-container-core-group-is-layout-12dd3699 wp-block-group-is-layout-constrained\">\n<h2 class=\"wp-block-heading alignwide has-xx-large-font-size\" style=\"line-height:1.2\">Article dans JDS<\/h2>\n\n\n\n<div class=\"wp-block-columns is-layout-flex wp-container-core-columns-is-layout-28f84493 wp-block-columns-is-layout-flex\">\n<div class=\"wp-block-column is-layout-flow wp-block-column-is-layout-flow\" style=\"flex-basis:66.66%\">\n<figure class=\"wp-block-image size-full\"><a href=\"https:\/\/www.jds.fr\/niort\/manifestations\/ateliers-famille-enfants-841031_A\" target=\"_blank\" rel=\" noreferrer noopener\"><img loading=\"lazy\" decoding=\"async\" width=\"828\" height=\"618\" src=\"https:\/\/www.culture-vagabonde.fr\/wp-content\/uploads\/2025\/05\/Presse_jds.png\" alt=\"Image de l'article publi\u00e9 dans JDS : Culture vagabonde dans la presse!\" class=\"wp-image-121\" srcset=\"https:\/\/www.culture-vagabonde.fr\/wp-content\/uploads\/2025\/05\/Presse_jds.png 828w, https:\/\/www.culture-vagabonde.fr\/wp-content\/uploads\/2025\/05\/Presse_jds-300x224.png 300w, https:\/\/www.culture-vagabonde.fr\/wp-content\/uploads\/2025\/05\/Presse_jds-768x573.png 768w\" sizes=\"auto, (max-width: 828px) 100vw, 828px\" \/><\/a><\/figure>\n<\/div>\n\n\n\n<div class=\"wp-block-column is-layout-flow wp-block-column-is-layout-flow\" style=\"flex-basis:33.33%\">\n<p class=\"has-text-align-left\"><a href=\"https:\/\/www.jds.fr\/niort\/manifestations\/ateliers-famille-enfants-841031_A\" target=\"_blank\" rel=\"noreferrer noopener\">Si vous souhaitez plus de d\u00e9tails sur l&rsquo;article, cliquez sur l&rsquo;image. <\/a><\/p>\n<\/div>\n<\/div>\n<\/div>\n\n\n\n<div class=\"wp-block-group alignfull has-global-padding is-layout-constrained wp-container-core-group-is-layout-0747478d wp-block-group-is-layout-constrained\" style=\"padding-top:var(--wp--preset--spacing--50);padding-right:var(--wp--preset--spacing--50);padding-bottom:var(--wp--preset--spacing--50);padding-left:var(--wp--preset--spacing--50)\">\n<div class=\"wp-block-columns alignwide is-layout-flex wp-container-core-columns-is-layout-ff4b9c61 wp-block-columns-is-layout-flex\" style=\"margin-top:0;margin-bottom:0\">\n<div class=\"wp-block-column is-layout-flow wp-container-core-column-is-layout-8a368f38 wp-block-column-is-layout-flow\"><\/div>\n\n\n\n<div class=\"wp-block-column is-layout-flow wp-container-core-column-is-layout-8736a895 wp-block-column-is-layout-flow\" style=\"padding-top:0\">\n<div style=\"height:var(--wp--preset--spacing--50)\" aria-hidden=\"true\" class=\"wp-block-spacer\"><\/div>\n\n\n\n<div style=\"height:var(--wp--preset--spacing--50)\" aria-hidden=\"true\" class=\"wp-block-spacer\"><\/div>\n<\/div>\n\n\n\n<div class=\"wp-block-column is-layout-flow wp-container-core-column-is-layout-8a368f38 wp-block-column-is-layout-flow\"><\/div>\n\n\n\n<div class=\"wp-block-column is-layout-flow wp-container-core-column-is-layout-8736a895 wp-block-column-is-layout-flow\" style=\"padding-top:0\">\n<div style=\"height:var(--wp--preset--spacing--50)\" aria-hidden=\"true\" class=\"wp-block-spacer\"><\/div>\n\n\n\n<div style=\"height:var(--wp--preset--spacing--50)\" aria-hidden=\"true\" class=\"wp-block-spacer\"><\/div>\n<\/div>\n<\/div>\n<\/div>\n","protected":false},"excerpt":{"rendered":"<p>Depuis notre cr\u00e9ation, nous organisons des \u00e9v\u00e8nements sur le territoire. Culture Vagabonde est dans la presse! Vous pouvez \u00e9galement nous retrouver dans des agendas en ligne, au Centre SocioCulturel de Champdeniers (79), sur des affichages, des banderoles&#8230; Plus d&rsquo;infos sur nos actions Article dans la Nouvelle R\u00e9publique Si vous souhaitez plus de d\u00e9tails sur l&rsquo;article, [&hellip;]<\/p>\n","protected":false},"author":2,"featured_media":0,"parent":0,"menu_order":0,"comment_status":"closed","ping_status":"closed","template":"","meta":{"footnotes":""},"class_list":["post-118","page","type-page","status-publish","hentry"],"yoast_head":"<!-- This site is optimized with the Yoast SEO plugin v26.7 - https:\/\/yoast.com\/wordpress\/plugins\/seo\/ -->\n<title>Culture vagabonde dans la presse - Culture Vagabonde<\/title>\n<meta name=\"description\" content=\"Culture vagabonde dans la presse! Quelques r\u00e9f\u00e9rences \u00e0 celles et ceux qui parlent de nous et de nos actions, comme la presse et le CSC.\" \/>\n<meta name=\"robots\" content=\"index, follow, max-snippet:-1, max-image-preview:large, max-video-preview:-1\" \/>\n<link rel=\"canonical\" href=\"https:\/\/www.culture-vagabonde.fr\/index.php\/culture-vagabonde-dans-la-presse\/\" \/>\n<meta property=\"og:locale\" content=\"fr_FR\" \/>\n<meta property=\"og:type\" content=\"article\" \/>\n<meta property=\"og:title\" content=\"Culture vagabonde dans la presse - Culture Vagabonde\" \/>\n<meta property=\"og:description\" content=\"Culture vagabonde dans la presse! Quelques r\u00e9f\u00e9rences \u00e0 celles et ceux qui parlent de nous et de nos actions, comme la presse et le CSC.\" \/>\n<meta property=\"og:url\" content=\"https:\/\/www.culture-vagabonde.fr\/index.php\/culture-vagabonde-dans-la-presse\/\" \/>\n<meta property=\"og:site_name\" content=\"Culture Vagabonde\" \/>\n<meta property=\"article:modified_time\" content=\"2025-06-27T21:12:45+00:00\" \/>\n<meta property=\"og:image\" content=\"https:\/\/www.culture-vagabonde.fr\/wp-content\/uploads\/2025\/05\/Presse_nr.png\" \/>\n\t<meta property=\"og:image:width\" content=\"991\" \/>\n\t<meta property=\"og:image:height\" content=\"914\" \/>\n\t<meta property=\"og:image:type\" content=\"image\/png\" \/>\n<meta name=\"twitter:card\" content=\"summary_large_image\" \/>\n<meta name=\"twitter:label1\" content=\"Dur\u00e9e de lecture estim\u00e9e\" \/>\n\t<meta name=\"twitter:data1\" content=\"1 minute\" \/>\n<script type=\"application\/ld+json\" class=\"yoast-schema-graph\">{\"@context\":\"https:\/\/schema.org\",\"@graph\":[{\"@type\":\"WebPage\",\"@id\":\"https:\/\/www.culture-vagabonde.fr\/index.php\/culture-vagabonde-dans-la-presse\/\",\"url\":\"https:\/\/www.culture-vagabonde.fr\/index.php\/culture-vagabonde-dans-la-presse\/\",\"name\":\"Culture vagabonde dans la presse - Culture Vagabonde\",\"isPartOf\":{\"@id\":\"https:\/\/www.culture-vagabonde.fr\/#website\"},\"primaryImageOfPage\":{\"@id\":\"https:\/\/www.culture-vagabonde.fr\/index.php\/culture-vagabonde-dans-la-presse\/#primaryimage\"},\"image\":{\"@id\":\"https:\/\/www.culture-vagabonde.fr\/index.php\/culture-vagabonde-dans-la-presse\/#primaryimage\"},\"thumbnailUrl\":\"https:\/\/www.culture-vagabonde.fr\/wp-content\/uploads\/2025\/05\/Presse_nr.png\",\"datePublished\":\"2025-05-21T08:35:51+00:00\",\"dateModified\":\"2025-06-27T21:12:45+00:00\",\"description\":\"Culture vagabonde dans la presse! Quelques r\u00e9f\u00e9rences \u00e0 celles et ceux qui parlent de nous et de nos actions, comme la presse et le CSC.\",\"breadcrumb\":{\"@id\":\"https:\/\/www.culture-vagabonde.fr\/index.php\/culture-vagabonde-dans-la-presse\/#breadcrumb\"},\"inLanguage\":\"fr-FR\",\"potentialAction\":[{\"@type\":\"ReadAction\",\"target\":[\"https:\/\/www.culture-vagabonde.fr\/index.php\/culture-vagabonde-dans-la-presse\/\"]}]},{\"@type\":\"ImageObject\",\"inLanguage\":\"fr-FR\",\"@id\":\"https:\/\/www.culture-vagabonde.fr\/index.php\/culture-vagabonde-dans-la-presse\/#primaryimage\",\"url\":\"https:\/\/www.culture-vagabonde.fr\/wp-content\/uploads\/2025\/05\/Presse_nr.png\",\"contentUrl\":\"https:\/\/www.culture-vagabonde.fr\/wp-content\/uploads\/2025\/05\/Presse_nr.png\",\"width\":991,\"height\":914},{\"@type\":\"BreadcrumbList\",\"@id\":\"https:\/\/www.culture-vagabonde.fr\/index.php\/culture-vagabonde-dans-la-presse\/#breadcrumb\",\"itemListElement\":[{\"@type\":\"ListItem\",\"position\":1,\"name\":\"Accueil\",\"item\":\"https:\/\/www.culture-vagabonde.fr\/\"},{\"@type\":\"ListItem\",\"position\":2,\"name\":\"Culture vagabonde dans la presse\"}]},{\"@type\":\"WebSite\",\"@id\":\"https:\/\/www.culture-vagabonde.fr\/#website\",\"url\":\"https:\/\/www.culture-vagabonde.fr\/\",\"name\":\"Culture Vagabonde\",\"description\":\"\",\"publisher\":{\"@id\":\"https:\/\/www.culture-vagabonde.fr\/#organization\"},\"potentialAction\":[{\"@type\":\"SearchAction\",\"target\":{\"@type\":\"EntryPoint\",\"urlTemplate\":\"https:\/\/www.culture-vagabonde.fr\/?s={search_term_string}\"},\"query-input\":{\"@type\":\"PropertyValueSpecification\",\"valueRequired\":true,\"valueName\":\"search_term_string\"}}],\"inLanguage\":\"fr-FR\"},{\"@type\":\"Organization\",\"@id\":\"https:\/\/www.culture-vagabonde.fr\/#organization\",\"name\":\"Culture Vagabonde\",\"url\":\"https:\/\/www.culture-vagabonde.fr\/\",\"logo\":{\"@type\":\"ImageObject\",\"inLanguage\":\"fr-FR\",\"@id\":\"https:\/\/www.culture-vagabonde.fr\/#\/schema\/logo\/image\/\",\"url\":\"https:\/\/www.culture-vagabonde.fr\/wp-content\/uploads\/2025\/09\/LOGO_CULTURE-VAGABONDE_petit_transparent.png\",\"contentUrl\":\"https:\/\/www.culture-vagabonde.fr\/wp-content\/uploads\/2025\/09\/LOGO_CULTURE-VAGABONDE_petit_transparent.png\",\"width\":800,\"height\":529,\"caption\":\"Culture Vagabonde\"},\"image\":{\"@id\":\"https:\/\/www.culture-vagabonde.fr\/#\/schema\/logo\/image\/\"}}]}<\/script>\n<!-- \/ Yoast SEO plugin. -->","yoast_head_json":{"title":"Culture vagabonde dans la presse - Culture Vagabonde","description":"Culture vagabonde dans la presse! Quelques r\u00e9f\u00e9rences \u00e0 celles et ceux qui parlent de nous et de nos actions, comme la presse et le CSC.","robots":{"index":"index","follow":"follow","max-snippet":"max-snippet:-1","max-image-preview":"max-image-preview:large","max-video-preview":"max-video-preview:-1"},"canonical":"https:\/\/www.culture-vagabonde.fr\/index.php\/culture-vagabonde-dans-la-presse\/","og_locale":"fr_FR","og_type":"article","og_title":"Culture vagabonde dans la presse - Culture Vagabonde","og_description":"Culture vagabonde dans la presse! Quelques r\u00e9f\u00e9rences \u00e0 celles et ceux qui parlent de nous et de nos actions, comme la presse et le CSC.","og_url":"https:\/\/www.culture-vagabonde.fr\/index.php\/culture-vagabonde-dans-la-presse\/","og_site_name":"Culture Vagabonde","article_modified_time":"2025-06-27T21:12:45+00:00","og_image":[{"width":991,"height":914,"url":"https:\/\/www.culture-vagabonde.fr\/wp-content\/uploads\/2025\/05\/Presse_nr.png","type":"image\/png"}],"twitter_card":"summary_large_image","twitter_misc":{"Dur\u00e9e de lecture estim\u00e9e":"1 minute"},"schema":{"@context":"https:\/\/schema.org","@graph":[{"@type":"WebPage","@id":"https:\/\/www.culture-vagabonde.fr\/index.php\/culture-vagabonde-dans-la-presse\/","url":"https:\/\/www.culture-vagabonde.fr\/index.php\/culture-vagabonde-dans-la-presse\/","name":"Culture vagabonde dans la presse - Culture Vagabonde","isPartOf":{"@id":"https:\/\/www.culture-vagabonde.fr\/#website"},"primaryImageOfPage":{"@id":"https:\/\/www.culture-vagabonde.fr\/index.php\/culture-vagabonde-dans-la-presse\/#primaryimage"},"image":{"@id":"https:\/\/www.culture-vagabonde.fr\/index.php\/culture-vagabonde-dans-la-presse\/#primaryimage"},"thumbnailUrl":"https:\/\/www.culture-vagabonde.fr\/wp-content\/uploads\/2025\/05\/Presse_nr.png","datePublished":"2025-05-21T08:35:51+00:00","dateModified":"2025-06-27T21:12:45+00:00","description":"Culture vagabonde dans la presse! Quelques r\u00e9f\u00e9rences \u00e0 celles et ceux qui parlent de nous et de nos actions, comme la presse et le CSC.","breadcrumb":{"@id":"https:\/\/www.culture-vagabonde.fr\/index.php\/culture-vagabonde-dans-la-presse\/#breadcrumb"},"inLanguage":"fr-FR","potentialAction":[{"@type":"ReadAction","target":["https:\/\/www.culture-vagabonde.fr\/index.php\/culture-vagabonde-dans-la-presse\/"]}]},{"@type":"ImageObject","inLanguage":"fr-FR","@id":"https:\/\/www.culture-vagabonde.fr\/index.php\/culture-vagabonde-dans-la-presse\/#primaryimage","url":"https:\/\/www.culture-vagabonde.fr\/wp-content\/uploads\/2025\/05\/Presse_nr.png","contentUrl":"https:\/\/www.culture-vagabonde.fr\/wp-content\/uploads\/2025\/05\/Presse_nr.png","width":991,"height":914},{"@type":"BreadcrumbList","@id":"https:\/\/www.culture-vagabonde.fr\/index.php\/culture-vagabonde-dans-la-presse\/#breadcrumb","itemListElement":[{"@type":"ListItem","position":1,"name":"Accueil","item":"https:\/\/www.culture-vagabonde.fr\/"},{"@type":"ListItem","position":2,"name":"Culture vagabonde dans la presse"}]},{"@type":"WebSite","@id":"https:\/\/www.culture-vagabonde.fr\/#website","url":"https:\/\/www.culture-vagabonde.fr\/","name":"Culture Vagabonde","description":"","publisher":{"@id":"https:\/\/www.culture-vagabonde.fr\/#organization"},"potentialAction":[{"@type":"SearchAction","target":{"@type":"EntryPoint","urlTemplate":"https:\/\/www.culture-vagabonde.fr\/?s={search_term_string}"},"query-input":{"@type":"PropertyValueSpecification","valueRequired":true,"valueName":"search_term_string"}}],"inLanguage":"fr-FR"},{"@type":"Organization","@id":"https:\/\/www.culture-vagabonde.fr\/#organization","name":"Culture Vagabonde","url":"https:\/\/www.culture-vagabonde.fr\/","logo":{"@type":"ImageObject","inLanguage":"fr-FR","@id":"https:\/\/www.culture-vagabonde.fr\/#\/schema\/logo\/image\/","url":"https:\/\/www.culture-vagabonde.fr\/wp-content\/uploads\/2025\/09\/LOGO_CULTURE-VAGABONDE_petit_transparent.png","contentUrl":"https:\/\/www.culture-vagabonde.fr\/wp-content\/uploads\/2025\/09\/LOGO_CULTURE-VAGABONDE_petit_transparent.png","width":800,"height":529,"caption":"Culture Vagabonde"},"image":{"@id":"https:\/\/www.culture-vagabonde.fr\/#\/schema\/logo\/image\/"}}]}},"_links":{"self":[{"href":"https:\/\/www.culture-vagabonde.fr\/index.php\/wp-json\/wp\/v2\/pages\/118","targetHints":{"allow":["GET"]}}],"collection":[{"href":"https:\/\/www.culture-vagabonde.fr\/index.php\/wp-json\/wp\/v2\/pages"}],"about":[{"href":"https:\/\/www.culture-vagabonde.fr\/index.php\/wp-json\/wp\/v2\/types\/page"}],"author":[{"embeddable":true,"href":"https:\/\/www.culture-vagabonde.fr\/index.php\/wp-json\/wp\/v2\/users\/2"}],"replies":[{"embeddable":true,"href":"https:\/\/www.culture-vagabonde.fr\/index.php\/wp-json\/wp\/v2\/comments?post=118"}],"version-history":[{"count":9,"href":"https:\/\/www.culture-vagabonde.fr\/index.php\/wp-json\/wp\/v2\/pages\/118\/revisions"}],"predecessor-version":[{"id":131,"href":"https:\/\/www.culture-vagabonde.fr\/index.php\/wp-json\/wp\/v2\/pages\/118\/revisions\/131"}],"wp:attachment":[{"href":"https:\/\/www.culture-vagabonde.fr\/index.php\/wp-json\/wp\/v2\/media?parent=118"}],"curies":[{"name":"wp","href":"https:\/\/api.w.org\/{rel}","templated":true}]}}