{"id":105,"date":"2025-05-20T23:16:53","date_gmt":"2025-05-20T21:16:53","guid":{"rendered":"https:\/\/www.culture-vagabonde.fr\/?page_id=105"},"modified":"2025-09-08T14:16:33","modified_gmt":"2025-09-08T12:16:33","slug":"contactez-nous","status":"publish","type":"page","link":"https:\/\/www.culture-vagabonde.fr\/index.php\/contactez-nous\/","title":{"rendered":"Contactez-nous"},"content":{"rendered":"\n<div class=\"wp-block-group alignfull has-accent-background-color has-background is-vertical is-content-justification-center is-layout-flex wp-container-core-group-is-layout-623b1cb9 wp-block-group-is-layout-flex\" style=\"min-height:100vh;margin-top:0;margin-bottom:0;padding-top:var(--wp--preset--spacing--60);padding-right:var(--wp--preset--spacing--50);padding-bottom:var(--wp--preset--spacing--60);padding-left:var(--wp--preset--spacing--50)\">\n<div class=\"wp-block-columns is-layout-flex wp-container-core-columns-is-layout-28f84493 wp-block-columns-is-layout-flex\">\n<div class=\"wp-block-column is-layout-flow wp-block-column-is-layout-flow\">\n<div class=\"wp-block-group has-global-padding is-layout-constrained wp-block-group-is-layout-constrained\">\n<figure class=\"wp-block-image aligncenter size-full is-resized\"><img decoding=\"async\" src=\"https:\/\/www.culture-vagabonde.fr\/wp-content\/themes\/twentytwentyfour\/assets\/images\/icon-message.webp\" alt=\"\" style=\"object-fit:cover;width:45px;height:49px\"\/><\/figure>\n\n\n\n<div style=\"height:var(--wp--preset--spacing--10)\" aria-hidden=\"true\" class=\"wp-block-spacer\"><\/div>\n\n\n\n<h2 class=\"wp-block-heading has-text-align-center has-contrast-color has-text-color has-link-color has-x-large-font-size wp-elements-18c01816bf3d5ad291051da666ce64ab\" style=\"margin-right:0;margin-left:0;padding-right:0;padding-left:0\">Abonnez-vous \u00e0 la lettre d&rsquo;informations<\/h2>\n\n\n\n<p class=\"has-text-align-center\">Vous recevrez uniquement des informations li\u00e9es \u00e0 nos animations.<\/p>\n\n\n\n<div class=\"wp-block-contact-form-7-contact-form-selector\">\n<div class=\"wpcf7 no-js\" id=\"wpcf7-f114-o1\" lang=\"fr-FR\" dir=\"ltr\" data-wpcf7-id=\"114\">\n<div class=\"screen-reader-response\"><p role=\"status\" aria-live=\"polite\" aria-atomic=\"true\"><\/p> <ul><\/ul><\/div>\n<form action=\"\/index.php\/wp-json\/wp\/v2\/pages\/105#wpcf7-f114-o1\" method=\"post\" class=\"wpcf7-form init\" aria-label=\"Formulaire de contact\" novalidate=\"novalidate\" data-status=\"init\">\n<fieldset class=\"hidden-fields-container\"><input type=\"hidden\" name=\"_wpcf7\" value=\"114\" \/><input type=\"hidden\" name=\"_wpcf7_version\" value=\"6.1.4\" \/><input type=\"hidden\" name=\"_wpcf7_locale\" value=\"fr_FR\" \/><input type=\"hidden\" name=\"_wpcf7_unit_tag\" value=\"wpcf7-f114-o1\" \/><input type=\"hidden\" name=\"_wpcf7_container_post\" value=\"0\" \/><input type=\"hidden\" name=\"_wpcf7_posted_data_hash\" value=\"\" \/>\n<\/fieldset>\n<p><label><span class=\"wpcf7-form-control-wrap\" data-name=\"your-email\"><input size=\"40\" maxlength=\"400\" class=\"wpcf7-form-control wpcf7-email wpcf7-validates-as-required wpcf7-text wpcf7-validates-as-email\" autocomplete=\"email\" aria-required=\"true\" aria-invalid=\"false\" value=\"\" type=\"email\" name=\"your-email\" \/><\/span> <\/label><input class=\"wpcf7-form-control wpcf7-submit has-spinner\" type=\"submit\" value=\"S&#039;inscrire\" \/>\n<\/p><div class=\"wpcf7-response-output\" aria-hidden=\"true\"><\/div>\n<\/form>\n<\/div>\n<\/div>\n\n\n\n<div style=\"height:var(--wp--preset--spacing--10)\" aria-hidden=\"true\" class=\"wp-block-spacer\"><\/div>\n<\/div>\n<\/div>\n\n\n\n<div class=\"wp-block-column is-layout-flow wp-block-column-is-layout-flow\">\n<div style=\"height:81px\" aria-hidden=\"true\" class=\"wp-block-spacer\"><\/div>\n\n\n\n<h2 class=\"wp-block-heading\">Pour nous contacter, remplissez le formulaire ci-dessous.<\/h2>\n\n\n\n<div class=\"wp-block-contact-form-7-contact-form-selector\">\n<div class=\"wpcf7 no-js\" id=\"wpcf7-f104-o2\" lang=\"fr-FR\" dir=\"ltr\" data-wpcf7-id=\"104\">\n<div class=\"screen-reader-response\"><p role=\"status\" aria-live=\"polite\" aria-atomic=\"true\"><\/p> <ul><\/ul><\/div>\n<form action=\"\/index.php\/wp-json\/wp\/v2\/pages\/105#wpcf7-f104-o2\" method=\"post\" class=\"wpcf7-form init\" aria-label=\"Formulaire de contact\" novalidate=\"novalidate\" data-status=\"init\">\n<fieldset class=\"hidden-fields-container\"><input type=\"hidden\" name=\"_wpcf7\" value=\"104\" \/><input type=\"hidden\" name=\"_wpcf7_version\" value=\"6.1.4\" \/><input type=\"hidden\" name=\"_wpcf7_locale\" value=\"fr_FR\" \/><input type=\"hidden\" name=\"_wpcf7_unit_tag\" value=\"wpcf7-f104-o2\" \/><input type=\"hidden\" name=\"_wpcf7_container_post\" value=\"0\" \/><input type=\"hidden\" name=\"_wpcf7_posted_data_hash\" value=\"\" \/>\n<\/fieldset>\n<p><label> Votre nom<br \/>\n<span class=\"wpcf7-form-control-wrap\" data-name=\"your-name\"><input size=\"40\" maxlength=\"400\" class=\"wpcf7-form-control wpcf7-text wpcf7-validates-as-required\" autocomplete=\"name\" aria-required=\"true\" aria-invalid=\"false\" value=\"\" type=\"text\" name=\"your-name\" \/><\/span> <\/label>\n<\/p>\n<p><label> Votre e-mail<br \/>\n<span class=\"wpcf7-form-control-wrap\" data-name=\"your-email\"><input size=\"40\" maxlength=\"400\" class=\"wpcf7-form-control wpcf7-email wpcf7-validates-as-required wpcf7-text wpcf7-validates-as-email\" autocomplete=\"email\" aria-required=\"true\" aria-invalid=\"false\" value=\"\" type=\"email\" name=\"your-email\" \/><\/span> <\/label>\n<\/p>\n<p><label> Votre num\u00e9ro de t\u00e9l\u00e9phone<br \/>\n<span class=\"wpcf7-form-control-wrap\" data-name=\"tel\"><input size=\"40\" maxlength=\"400\" class=\"wpcf7-form-control wpcf7-tel wpcf7-text wpcf7-validates-as-tel\" aria-invalid=\"false\" value=\"\" type=\"tel\" name=\"tel\" \/><\/span> <\/label>\n<\/p>\n<p><label> Objet<br \/>\n<span class=\"wpcf7-form-control-wrap\" data-name=\"your-subject\"><input size=\"40\" maxlength=\"400\" class=\"wpcf7-form-control wpcf7-text wpcf7-validates-as-required\" aria-required=\"true\" aria-invalid=\"false\" value=\"\" type=\"text\" name=\"your-subject\" \/><\/span> <\/label>\n<\/p>\n<p><label> Quiz (anti spam)<br \/>\n<span class=\"wpcf7-form-control-wrap\" data-name=\"quiz-674\"><label><span class=\"wpcf7-quiz-label\">Quelle est la couleur du cheval blanc d&#039;Henri IV ?<\/span> <input size=\"40\" class=\"wpcf7-form-control wpcf7-quiz\" autocomplete=\"off\" aria-required=\"true\" aria-invalid=\"false\" type=\"text\" name=\"quiz-674\" \/><\/label><input type=\"hidden\" name=\"_wpcf7_quiz_answer_quiz-674\" value=\"0d7756be0e2516b3163d1d6cae41aa9c\" \/><\/span> <\/label>\n<\/p>\n<p><label> Votre message (facultatif)<br \/>\n<span class=\"wpcf7-form-control-wrap\" data-name=\"your-message\"><textarea cols=\"40\" rows=\"10\" maxlength=\"2000\" class=\"wpcf7-form-control wpcf7-textarea\" aria-invalid=\"false\" name=\"your-message\"><\/textarea><\/span> <\/label>\n<\/p>\n<p><input class=\"wpcf7-form-control wpcf7-submit has-spinner\" type=\"submit\" value=\"Envoyer\" \/>\n<\/p><div class=\"wpcf7-response-output\" aria-hidden=\"true\"><\/div>\n<\/form>\n<\/div>\n<\/div>\n<\/div>\n<\/div>\n<\/div>\n","protected":false},"excerpt":{"rendered":"<p>Abonnez-vous \u00e0 la lettre d&rsquo;informations Vous recevrez uniquement des informations li\u00e9es \u00e0 nos animations. Pour nous contacter, remplissez le formulaire ci-dessous.<\/p>\n","protected":false},"author":2,"featured_media":107,"parent":0,"menu_order":0,"comment_status":"closed","ping_status":"closed","template":"","meta":{"footnotes":""},"class_list":["post-105","page","type-page","status-publish","has-post-thumbnail","hentry"],"yoast_head":"<!-- This site is optimized with the Yoast SEO plugin v26.7 - https:\/\/yoast.com\/wordpress\/plugins\/seo\/ -->\n<title>Contactez-nous - Culture Vagabonde<\/title>\n<meta name=\"robots\" content=\"index, follow, max-snippet:-1, max-image-preview:large, max-video-preview:-1\" \/>\n<link rel=\"canonical\" href=\"https:\/\/www.culture-vagabonde.fr\/index.php\/contactez-nous\/\" \/>\n<meta property=\"og:locale\" content=\"fr_FR\" \/>\n<meta property=\"og:type\" content=\"article\" \/>\n<meta property=\"og:title\" content=\"Contactez-nous - Culture Vagabonde\" \/>\n<meta property=\"og:description\" content=\"Abonnez-vous \u00e0 la lettre d&rsquo;informations Vous recevrez uniquement des informations li\u00e9es \u00e0 nos animations. Pour nous contacter, remplissez le formulaire ci-dessous.\" \/>\n<meta property=\"og:url\" content=\"https:\/\/www.culture-vagabonde.fr\/index.php\/contactez-nous\/\" \/>\n<meta property=\"og:site_name\" content=\"Culture Vagabonde\" \/>\n<meta property=\"article:modified_time\" content=\"2025-09-08T12:16:33+00:00\" \/>\n<meta property=\"og:image\" content=\"https:\/\/www.culture-vagabonde.fr\/wp-content\/uploads\/2025\/05\/contact.jpg\" \/>\n\t<meta property=\"og:image:width\" content=\"419\" \/>\n\t<meta property=\"og:image:height\" content=\"371\" \/>\n\t<meta property=\"og:image:type\" content=\"image\/jpeg\" \/>\n<meta name=\"twitter:card\" content=\"summary_large_image\" \/>\n<meta name=\"twitter:label1\" content=\"Dur\u00e9e de lecture estim\u00e9e\" \/>\n\t<meta name=\"twitter:data1\" content=\"1 minute\" \/>\n<script type=\"application\/ld+json\" class=\"yoast-schema-graph\">{\"@context\":\"https:\/\/schema.org\",\"@graph\":[{\"@type\":\"WebPage\",\"@id\":\"https:\/\/www.culture-vagabonde.fr\/index.php\/contactez-nous\/\",\"url\":\"https:\/\/www.culture-vagabonde.fr\/index.php\/contactez-nous\/\",\"name\":\"Contactez-nous - Culture Vagabonde\",\"isPartOf\":{\"@id\":\"https:\/\/www.culture-vagabonde.fr\/#website\"},\"primaryImageOfPage\":{\"@id\":\"https:\/\/www.culture-vagabonde.fr\/index.php\/contactez-nous\/#primaryimage\"},\"image\":{\"@id\":\"https:\/\/www.culture-vagabonde.fr\/index.php\/contactez-nous\/#primaryimage\"},\"thumbnailUrl\":\"https:\/\/www.culture-vagabonde.fr\/wp-content\/uploads\/2025\/05\/contact.jpg\",\"datePublished\":\"2025-05-20T21:16:53+00:00\",\"dateModified\":\"2025-09-08T12:16:33+00:00\",\"breadcrumb\":{\"@id\":\"https:\/\/www.culture-vagabonde.fr\/index.php\/contactez-nous\/#breadcrumb\"},\"inLanguage\":\"fr-FR\",\"potentialAction\":[{\"@type\":\"ReadAction\",\"target\":[\"https:\/\/www.culture-vagabonde.fr\/index.php\/contactez-nous\/\"]}]},{\"@type\":\"ImageObject\",\"inLanguage\":\"fr-FR\",\"@id\":\"https:\/\/www.culture-vagabonde.fr\/index.php\/contactez-nous\/#primaryimage\",\"url\":\"https:\/\/www.culture-vagabonde.fr\/wp-content\/uploads\/2025\/05\/contact.jpg\",\"contentUrl\":\"https:\/\/www.culture-vagabonde.fr\/wp-content\/uploads\/2025\/05\/contact.jpg\",\"width\":419,\"height\":371,\"caption\":\"contactez-nous\"},{\"@type\":\"BreadcrumbList\",\"@id\":\"https:\/\/www.culture-vagabonde.fr\/index.php\/contactez-nous\/#breadcrumb\",\"itemListElement\":[{\"@type\":\"ListItem\",\"position\":1,\"name\":\"Accueil\",\"item\":\"https:\/\/www.culture-vagabonde.fr\/\"},{\"@type\":\"ListItem\",\"position\":2,\"name\":\"Contactez-nous\"}]},{\"@type\":\"WebSite\",\"@id\":\"https:\/\/www.culture-vagabonde.fr\/#website\",\"url\":\"https:\/\/www.culture-vagabonde.fr\/\",\"name\":\"Culture Vagabonde\",\"description\":\"\",\"publisher\":{\"@id\":\"https:\/\/www.culture-vagabonde.fr\/#organization\"},\"potentialAction\":[{\"@type\":\"SearchAction\",\"target\":{\"@type\":\"EntryPoint\",\"urlTemplate\":\"https:\/\/www.culture-vagabonde.fr\/?s={search_term_string}\"},\"query-input\":{\"@type\":\"PropertyValueSpecification\",\"valueRequired\":true,\"valueName\":\"search_term_string\"}}],\"inLanguage\":\"fr-FR\"},{\"@type\":\"Organization\",\"@id\":\"https:\/\/www.culture-vagabonde.fr\/#organization\",\"name\":\"Culture Vagabonde\",\"url\":\"https:\/\/www.culture-vagabonde.fr\/\",\"logo\":{\"@type\":\"ImageObject\",\"inLanguage\":\"fr-FR\",\"@id\":\"https:\/\/www.culture-vagabonde.fr\/#\/schema\/logo\/image\/\",\"url\":\"https:\/\/www.culture-vagabonde.fr\/wp-content\/uploads\/2025\/09\/LOGO_CULTURE-VAGABONDE_petit_transparent.png\",\"contentUrl\":\"https:\/\/www.culture-vagabonde.fr\/wp-content\/uploads\/2025\/09\/LOGO_CULTURE-VAGABONDE_petit_transparent.png\",\"width\":800,\"height\":529,\"caption\":\"Culture Vagabonde\"},\"image\":{\"@id\":\"https:\/\/www.culture-vagabonde.fr\/#\/schema\/logo\/image\/\"}}]}<\/script>\n<!-- \/ Yoast SEO plugin. -->","yoast_head_json":{"title":"Contactez-nous - Culture Vagabonde","robots":{"index":"index","follow":"follow","max-snippet":"max-snippet:-1","max-image-preview":"max-image-preview:large","max-video-preview":"max-video-preview:-1"},"canonical":"https:\/\/www.culture-vagabonde.fr\/index.php\/contactez-nous\/","og_locale":"fr_FR","og_type":"article","og_title":"Contactez-nous - Culture Vagabonde","og_description":"Abonnez-vous \u00e0 la lettre d&rsquo;informations Vous recevrez uniquement des informations li\u00e9es \u00e0 nos animations. Pour nous contacter, remplissez le formulaire ci-dessous.","og_url":"https:\/\/www.culture-vagabonde.fr\/index.php\/contactez-nous\/","og_site_name":"Culture Vagabonde","article_modified_time":"2025-09-08T12:16:33+00:00","og_image":[{"width":419,"height":371,"url":"https:\/\/www.culture-vagabonde.fr\/wp-content\/uploads\/2025\/05\/contact.jpg","type":"image\/jpeg"}],"twitter_card":"summary_large_image","twitter_misc":{"Dur\u00e9e de lecture estim\u00e9e":"1 minute"},"schema":{"@context":"https:\/\/schema.org","@graph":[{"@type":"WebPage","@id":"https:\/\/www.culture-vagabonde.fr\/index.php\/contactez-nous\/","url":"https:\/\/www.culture-vagabonde.fr\/index.php\/contactez-nous\/","name":"Contactez-nous - Culture Vagabonde","isPartOf":{"@id":"https:\/\/www.culture-vagabonde.fr\/#website"},"primaryImageOfPage":{"@id":"https:\/\/www.culture-vagabonde.fr\/index.php\/contactez-nous\/#primaryimage"},"image":{"@id":"https:\/\/www.culture-vagabonde.fr\/index.php\/contactez-nous\/#primaryimage"},"thumbnailUrl":"https:\/\/www.culture-vagabonde.fr\/wp-content\/uploads\/2025\/05\/contact.jpg","datePublished":"2025-05-20T21:16:53+00:00","dateModified":"2025-09-08T12:16:33+00:00","breadcrumb":{"@id":"https:\/\/www.culture-vagabonde.fr\/index.php\/contactez-nous\/#breadcrumb"},"inLanguage":"fr-FR","potentialAction":[{"@type":"ReadAction","target":["https:\/\/www.culture-vagabonde.fr\/index.php\/contactez-nous\/"]}]},{"@type":"ImageObject","inLanguage":"fr-FR","@id":"https:\/\/www.culture-vagabonde.fr\/index.php\/contactez-nous\/#primaryimage","url":"https:\/\/www.culture-vagabonde.fr\/wp-content\/uploads\/2025\/05\/contact.jpg","contentUrl":"https:\/\/www.culture-vagabonde.fr\/wp-content\/uploads\/2025\/05\/contact.jpg","width":419,"height":371,"caption":"contactez-nous"},{"@type":"BreadcrumbList","@id":"https:\/\/www.culture-vagabonde.fr\/index.php\/contactez-nous\/#breadcrumb","itemListElement":[{"@type":"ListItem","position":1,"name":"Accueil","item":"https:\/\/www.culture-vagabonde.fr\/"},{"@type":"ListItem","position":2,"name":"Contactez-nous"}]},{"@type":"WebSite","@id":"https:\/\/www.culture-vagabonde.fr\/#website","url":"https:\/\/www.culture-vagabonde.fr\/","name":"Culture Vagabonde","description":"","publisher":{"@id":"https:\/\/www.culture-vagabonde.fr\/#organization"},"potentialAction":[{"@type":"SearchAction","target":{"@type":"EntryPoint","urlTemplate":"https:\/\/www.culture-vagabonde.fr\/?s={search_term_string}"},"query-input":{"@type":"PropertyValueSpecification","valueRequired":true,"valueName":"search_term_string"}}],"inLanguage":"fr-FR"},{"@type":"Organization","@id":"https:\/\/www.culture-vagabonde.fr\/#organization","name":"Culture Vagabonde","url":"https:\/\/www.culture-vagabonde.fr\/","logo":{"@type":"ImageObject","inLanguage":"fr-FR","@id":"https:\/\/www.culture-vagabonde.fr\/#\/schema\/logo\/image\/","url":"https:\/\/www.culture-vagabonde.fr\/wp-content\/uploads\/2025\/09\/LOGO_CULTURE-VAGABONDE_petit_transparent.png","contentUrl":"https:\/\/www.culture-vagabonde.fr\/wp-content\/uploads\/2025\/09\/LOGO_CULTURE-VAGABONDE_petit_transparent.png","width":800,"height":529,"caption":"Culture Vagabonde"},"image":{"@id":"https:\/\/www.culture-vagabonde.fr\/#\/schema\/logo\/image\/"}}]}},"_links":{"self":[{"href":"https:\/\/www.culture-vagabonde.fr\/index.php\/wp-json\/wp\/v2\/pages\/105","targetHints":{"allow":["GET"]}}],"collection":[{"href":"https:\/\/www.culture-vagabonde.fr\/index.php\/wp-json\/wp\/v2\/pages"}],"about":[{"href":"https:\/\/www.culture-vagabonde.fr\/index.php\/wp-json\/wp\/v2\/types\/page"}],"author":[{"embeddable":true,"href":"https:\/\/www.culture-vagabonde.fr\/index.php\/wp-json\/wp\/v2\/users\/2"}],"replies":[{"embeddable":true,"href":"https:\/\/www.culture-vagabonde.fr\/index.php\/wp-json\/wp\/v2\/comments?post=105"}],"version-history":[{"count":5,"href":"https:\/\/www.culture-vagabonde.fr\/index.php\/wp-json\/wp\/v2\/pages\/105\/revisions"}],"predecessor-version":[{"id":160,"href":"https:\/\/www.culture-vagabonde.fr\/index.php\/wp-json\/wp\/v2\/pages\/105\/revisions\/160"}],"wp:featuredmedia":[{"embeddable":true,"href":"https:\/\/www.culture-vagabonde.fr\/index.php\/wp-json\/wp\/v2\/media\/107"}],"wp:attachment":[{"href":"https:\/\/www.culture-vagabonde.fr\/index.php\/wp-json\/wp\/v2\/media?parent=105"}],"curies":[{"name":"wp","href":"https:\/\/api.w.org\/{rel}","templated":true}]}}